{"id":2127,"date":"2025-11-02T17:20:07","date_gmt":"2025-11-02T17:20:07","guid":{"rendered":"http:\/\/olivelove.ch\/?page_id=2127"},"modified":"2025-12-11T14:04:15","modified_gmt":"2025-12-11T14:04:15","slug":"oleotourism","status":"publish","type":"page","link":"https:\/\/olivelove.ch\/de\/oleotourism\/","title":{"rendered":"Oleotourism"},"content":{"rendered":"<div data-elementor-type=\"wp-page\" data-elementor-id=\"2127\" class=\"elementor elementor-2127\">\n\t\t\t\t\t\t<section class=\"elementor-section elementor-top-section elementor-element elementor-element-1c6488e elementor-section-boxed elementor-section-height-default elementor-section-height-default\" data-id=\"1c6488e\" data-element_type=\"section\" data-e-type=\"section\">\n\t\t\t\t\t\t<div class=\"elementor-container elementor-column-gap-default\">\n\t\t\t\t\t<div class=\"elementor-column elementor-col-100 elementor-top-column elementor-element elementor-element-2bb0b0e\" data-id=\"2bb0b0e\" data-element_type=\"column\" data-e-type=\"column\">\n\t\t\t<div class=\"elementor-widget-wrap elementor-element-populated\">\n\t\t\t\t\t\t<div class=\"elementor-element elementor-element-0ef0b21 elementor-widget elementor-widget-heading\" data-id=\"0ef0b21\" data-element_type=\"widget\" data-e-type=\"widget\" data-widget_type=\"heading.default\">\n\t\t\t\t<div class=\"elementor-widget-container\">\n\t\t\t\t\t<h2 class=\"elementor-heading-title elementor-size-default\">Oleotourismus der Olive Love Villas Crete<\/h2>\t\t\t\t<\/div>\n\t\t\t\t<\/div>\n\t\t\t\t\t<\/div>\n\t\t<\/div>\n\t\t\t\t\t<\/div>\n\t\t<\/section>\n\t\t\t\t<section class=\"elementor-section elementor-top-section elementor-element elementor-element-030fa79 elementor-section-boxed elementor-section-height-default elementor-section-height-default\" data-id=\"030fa79\" data-element_type=\"section\" data-e-type=\"section\">\n\t\t\t\t\t\t<div class=\"elementor-container elementor-column-gap-default\">\n\t\t\t\t\t<div class=\"elementor-column elementor-col-100 elementor-top-column elementor-element elementor-element-fce1a18\" data-id=\"fce1a18\" data-element_type=\"column\" data-e-type=\"column\">\n\t\t\t<div class=\"elementor-widget-wrap elementor-element-populated\">\n\t\t\t\t\t\t<div class=\"elementor-element elementor-element-f9aeea5 elementor-widget elementor-widget-image\" data-id=\"f9aeea5\" data-element_type=\"widget\" data-e-type=\"widget\" data-widget_type=\"image.default\">\n\t\t\t\t<div class=\"elementor-widget-container\">\n\t\t\t\t\t\t\t\t\t\t\t\t\t\t\t<img fetchpriority=\"high\" decoding=\"async\" width=\"2560\" height=\"1709\" src=\"data:image\/gif;base64,R0lGODlhAQABAIAAAAAAAP\/\/\/yH5BAEAAAAALAAAAAABAAEAAAIBRAA7\" data-src=\"https:\/\/olivelove.ch\/wp-content\/uploads\/2021\/07\/MIX_4498-scaled.jpg\" class=\"attachment-full size-full wp-image-2133 lazyload\" alt=\"\" data-srcset=\"https:\/\/olivelove.ch\/wp-content\/uploads\/2021\/07\/MIX_4498-scaled.jpg 2560w, https:\/\/olivelove.ch\/wp-content\/uploads\/2021\/07\/MIX_4498-300x200.jpg 300w, https:\/\/olivelove.ch\/wp-content\/uploads\/2021\/07\/MIX_4498-1024x683.jpg 1024w, https:\/\/olivelove.ch\/wp-content\/uploads\/2021\/07\/MIX_4498-768x513.jpg 768w, https:\/\/olivelove.ch\/wp-content\/uploads\/2021\/07\/MIX_4498-1536x1025.jpg 1536w, https:\/\/olivelove.ch\/wp-content\/uploads\/2021\/07\/MIX_4498-2048x1367.jpg 2048w, https:\/\/olivelove.ch\/wp-content\/uploads\/2021\/07\/MIX_4498-18x12.jpg 18w, https:\/\/olivelove.ch\/wp-content\/uploads\/2021\/07\/MIX_4498-600x400.jpg 600w\" sizes=\"(max-width: 2560px) 100vw, 2560px\" \/><noscript><img decoding=\"async\" width=\"2560\" height=\"1709\" src=\"https:\/\/olivelove.ch\/wp-content\/uploads\/2021\/07\/MIX_4498-scaled.jpg\" class=\"attachment-full size-full wp-image-2133 lazyload\" alt=\"\" srcset=\"https:\/\/olivelove.ch\/wp-content\/uploads\/2021\/07\/MIX_4498-scaled.jpg 2560w, https:\/\/olivelove.ch\/wp-content\/uploads\/2021\/07\/MIX_4498-300x200.jpg 300w, https:\/\/olivelove.ch\/wp-content\/uploads\/2021\/07\/MIX_4498-1024x683.jpg 1024w, https:\/\/olivelove.ch\/wp-content\/uploads\/2021\/07\/MIX_4498-768x513.jpg 768w, https:\/\/olivelove.ch\/wp-content\/uploads\/2021\/07\/MIX_4498-1536x1025.jpg 1536w, https:\/\/olivelove.ch\/wp-content\/uploads\/2021\/07\/MIX_4498-2048x1367.jpg 2048w, https:\/\/olivelove.ch\/wp-content\/uploads\/2021\/07\/MIX_4498-18x12.jpg 18w, https:\/\/olivelove.ch\/wp-content\/uploads\/2021\/07\/MIX_4498-600x400.jpg 600w\" sizes=\"(max-width: 2560px) 100vw, 2560px\" \/><\/noscript>\t\t\t\t\t\t\t\t\t\t\t\t\t\t\t<\/div>\n\t\t\t\t<\/div>\n\t\t\t\t\t<\/div>\n\t\t<\/div>\n\t\t\t\t\t<\/div>\n\t\t<\/section>\n\t\t\t\t<section class=\"elementor-section elementor-top-section elementor-element elementor-element-f692bd4 elementor-section-boxed elementor-section-height-default elementor-section-height-default\" data-id=\"f692bd4\" data-element_type=\"section\" data-e-type=\"section\">\n\t\t\t\t\t\t<div class=\"elementor-container elementor-column-gap-default\">\n\t\t\t\t\t<div class=\"elementor-column elementor-col-100 elementor-top-column elementor-element elementor-element-fc7eefb\" data-id=\"fc7eefb\" data-element_type=\"column\" data-e-type=\"column\">\n\t\t\t<div class=\"elementor-widget-wrap elementor-element-populated\">\n\t\t\t\t\t\t<div class=\"elementor-element elementor-element-a46467a elementor-widget-divider--view-line elementor-widget elementor-widget-divider\" data-id=\"a46467a\" data-element_type=\"widget\" data-e-type=\"widget\" data-widget_type=\"divider.default\">\n\t\t\t\t<div class=\"elementor-widget-container\">\n\t\t\t\t\t\t\t<div class=\"elementor-divider\">\n\t\t\t<span class=\"elementor-divider-separator\">\n\t\t\t\t\t\t<\/span>\n\t\t<\/div>\n\t\t\t\t\t\t<\/div>\n\t\t\t\t<\/div>\n\t\t\t\t\t<\/div>\n\t\t<\/div>\n\t\t\t\t\t<\/div>\n\t\t<\/section>\n\t\t\t\t<section class=\"elementor-section elementor-top-section elementor-element elementor-element-55b3893 elementor-section-boxed elementor-section-height-default elementor-section-height-default\" data-id=\"55b3893\" data-element_type=\"section\" data-e-type=\"section\">\n\t\t\t\t\t\t<div class=\"elementor-container elementor-column-gap-default\">\n\t\t\t\t\t<div class=\"elementor-column elementor-col-66 elementor-top-column elementor-element elementor-element-3f7b68e\" data-id=\"3f7b68e\" data-element_type=\"column\" data-e-type=\"column\">\n\t\t\t<div class=\"elementor-widget-wrap elementor-element-populated\">\n\t\t\t\t\t\t<div class=\"elementor-element elementor-element-9008b35 elementor-widget elementor-widget-text-editor\" data-id=\"9008b35\" data-element_type=\"widget\" data-e-type=\"widget\" data-widget_type=\"text-editor.default\">\n\t\t\t\t<div class=\"elementor-widget-container\">\n\t\t\t\t\t\t\t\t\t<p data-start=\"92\" data-end=\"415\"><strong>Oliven\u00f6ltourismus ist eine Reise f\u00fcr alle Sinne \u2013 eine Einladung, Oliven\u00f6l als Kulturgut zu erleben.<\/strong> <br \/><br \/>Von unseren Villen auf Kreta, im Herzen der Insel gelegen, tauchen Reisende in die faszinierende Welt des Oliven\u00f6ls ein: von jahrhundertealten Hainen und handwerklichen M\u00fchlen bis hin zu professionellen Verkostungen.<\/p><p data-start=\"92\" data-end=\"415\">Lernen Sie, Aromen und Qualit\u00e4t zu erkennen, begegnen Sie den Produzent:innen pers\u00f6nlich und gewinnen Sie ein Verst\u00e4ndnis f\u00fcr den Wert echter Handwerkskunst.<\/p><p data-start=\"92\" data-end=\"415\">Jede Verkostung wird zu einem achtsamen, sinnlichen Erlebnis \u2013 und zu einer Br\u00fccke zwischen Herkunft, Handwerk und Geschmack.<\/p>\t\t\t\t\t\t\t\t<\/div>\n\t\t\t\t<\/div>\n\t\t\t\t\t<\/div>\n\t\t<\/div>\n\t\t\t\t<div class=\"elementor-column elementor-col-33 elementor-top-column elementor-element elementor-element-99f9b93\" data-id=\"99f9b93\" data-element_type=\"column\" data-e-type=\"column\">\n\t\t\t<div class=\"elementor-widget-wrap elementor-element-populated\">\n\t\t\t\t\t\t<div class=\"elementor-element elementor-element-712d1cc elementor-widget elementor-widget-button\" data-id=\"712d1cc\" data-element_type=\"widget\" data-e-type=\"widget\" data-widget_type=\"button.default\">\n\t\t\t\t<div class=\"elementor-widget-container\">\n\t\t\t\t\t\t\t\t\t<div class=\"elementor-button-wrapper\">\n\t\t\t\t\t<a class=\"elementor-button elementor-button-link elementor-size-sm\" href=\"https:\/\/olivelovevillas.com\">\n\t\t\t\t\t\t<span class=\"elementor-button-content-wrapper\">\n\t\t\t\t\t\t\t\t\t<span class=\"elementor-button-text\">Entdecken Sie unsere Villen<\/span>\n\t\t\t\t\t<\/span>\n\t\t\t\t\t<\/a>\n\t\t\t\t<\/div>\n\t\t\t\t\t\t\t\t<\/div>\n\t\t\t\t<\/div>\n\t\t\t\t\t<\/div>\n\t\t<\/div>\n\t\t\t\t\t<\/div>\n\t\t<\/section>\n\t\t\t\t<\/div>","protected":false},"excerpt":{"rendered":"<p>Oleotourism at Olive Love Villas, Crete Oleotourism is a journey for all the senses \u2013 an invitation to experience olive oil as a cultural heritage. From our villas in Crete, [&hellip;]<\/p>\n","protected":false},"author":1,"featured_media":2133,"parent":0,"menu_order":0,"comment_status":"closed","ping_status":"closed","template":"","meta":{"ocean_post_layout":"","ocean_both_sidebars_style":"","ocean_both_sidebars_content_width":0,"ocean_both_sidebars_sidebars_width":0,"ocean_sidebar":"","ocean_second_sidebar":"","ocean_disable_margins":"enable","ocean_add_body_class":"","ocean_shortcode_before_top_bar":"","ocean_shortcode_after_top_bar":"","ocean_shortcode_before_header":"","ocean_shortcode_after_header":"","ocean_has_shortcode":"","ocean_shortcode_after_title":"","ocean_shortcode_before_footer_widgets":"","ocean_shortcode_after_footer_widgets":"","ocean_shortcode_before_footer_bottom":"","ocean_shortcode_after_footer_bottom":"","ocean_display_top_bar":"default","ocean_display_header":"default","ocean_header_style":"","ocean_center_header_left_menu":"","ocean_custom_header_template":"","ocean_custom_logo":0,"ocean_custom_retina_logo":0,"ocean_custom_logo_max_width":0,"ocean_custom_logo_tablet_max_width":0,"ocean_custom_logo_mobile_max_width":0,"ocean_custom_logo_max_height":0,"ocean_custom_logo_tablet_max_height":0,"ocean_custom_logo_mobile_max_height":0,"ocean_header_custom_menu":"","ocean_menu_typo_font_family":"","ocean_menu_typo_font_subset":"","ocean_menu_typo_font_size":0,"ocean_menu_typo_font_size_tablet":0,"ocean_menu_typo_font_size_mobile":0,"ocean_menu_typo_font_size_unit":"px","ocean_menu_typo_font_weight":"","ocean_menu_typo_font_weight_tablet":"","ocean_menu_typo_font_weight_mobile":"","ocean_menu_typo_transform":"","ocean_menu_typo_transform_tablet":"","ocean_menu_typo_transform_mobile":"","ocean_menu_typo_line_height":0,"ocean_menu_typo_line_height_tablet":0,"ocean_menu_typo_line_height_mobile":0,"ocean_menu_typo_line_height_unit":"","ocean_menu_typo_spacing":0,"ocean_menu_typo_spacing_tablet":0,"ocean_menu_typo_spacing_mobile":0,"ocean_menu_typo_spacing_unit":"","ocean_menu_link_color":"","ocean_menu_link_color_hover":"","ocean_menu_link_color_active":"","ocean_menu_link_background":"","ocean_menu_link_hover_background":"","ocean_menu_link_active_background":"","ocean_menu_social_links_bg":"","ocean_menu_social_hover_links_bg":"","ocean_menu_social_links_color":"","ocean_menu_social_hover_links_color":"","ocean_disable_title":"default","ocean_disable_heading":"default","ocean_post_title":"","ocean_post_subheading":"","ocean_post_title_style":"","ocean_post_title_background_color":"","ocean_post_title_background":0,"ocean_post_title_bg_image_position":"","ocean_post_title_bg_image_attachment":"","ocean_post_title_bg_image_repeat":"","ocean_post_title_bg_image_size":"","ocean_post_title_height":0,"ocean_post_title_bg_overlay":0.5,"ocean_post_title_bg_overlay_color":"","ocean_disable_breadcrumbs":"default","ocean_breadcrumbs_color":"","ocean_breadcrumbs_separator_color":"","ocean_breadcrumbs_links_color":"","ocean_breadcrumbs_links_hover_color":"","ocean_display_footer_widgets":"default","ocean_display_footer_bottom":"default","ocean_custom_footer_template":"","footnotes":""},"class_list":["post-2127","page","type-page","status-publish","has-post-thumbnail","hentry","entry","has-media","owp-thumbs-layout-horizontal","owp-btn-normal","owp-tabs-layout-horizontal","has-no-thumbnails","has-product-nav"],"_links":{"self":[{"href":"https:\/\/olivelove.ch\/de\/wp-json\/wp\/v2\/pages\/2127","targetHints":{"allow":["GET"]}}],"collection":[{"href":"https:\/\/olivelove.ch\/de\/wp-json\/wp\/v2\/pages"}],"about":[{"href":"https:\/\/olivelove.ch\/de\/wp-json\/wp\/v2\/types\/page"}],"author":[{"embeddable":true,"href":"https:\/\/olivelove.ch\/de\/wp-json\/wp\/v2\/users\/1"}],"replies":[{"embeddable":true,"href":"https:\/\/olivelove.ch\/de\/wp-json\/wp\/v2\/comments?post=2127"}],"version-history":[{"count":19,"href":"https:\/\/olivelove.ch\/de\/wp-json\/wp\/v2\/pages\/2127\/revisions"}],"predecessor-version":[{"id":2200,"href":"https:\/\/olivelove.ch\/de\/wp-json\/wp\/v2\/pages\/2127\/revisions\/2200"}],"wp:featuredmedia":[{"embeddable":true,"href":"https:\/\/olivelove.ch\/de\/wp-json\/wp\/v2\/media\/2133"}],"wp:attachment":[{"href":"https:\/\/olivelove.ch\/de\/wp-json\/wp\/v2\/media?parent=2127"}],"curies":[{"name":"wp","href":"https:\/\/api.w.org\/{rel}","templated":true}]}}